{"id":332,"date":"2023-01-17T16:49:34","date_gmt":"2023-01-17T16:49:34","guid":{"rendered":"https:\/\/helimusica.com\/?page_id=332"},"modified":"2024-10-12T00:14:10","modified_gmt":"2024-10-12T00:14:10","slug":"samba-jazz-videos","status":"publish","type":"page","link":"https:\/\/helimusica.com\/?page_id=332","title":{"rendered":"SAMBA JAZZ VIDEOS"},"content":{"rendered":"<p>[et_pb_section fb_built=&#8221;1&#8243; _builder_version=&#8221;4.19.4&#8243; _module_preset=&#8221;default&#8221; background_color=&#8221;rgba(48,48,48,0.62)&#8221; custom_margin=&#8221;-32px|||||&#8221; global_colors_info=&#8221;{}&#8221;][et_pb_row _builder_version=&#8221;4.18.0&#8243; _module_preset=&#8221;default&#8221; global_colors_info=&#8221;{}&#8221;][et_pb_column type=&#8221;4_4&#8243; _builder_version=&#8221;4.18.0&#8243; _module_preset=&#8221;default&#8221; global_colors_info=&#8221;{}&#8221;][et_pb_menu _builder_version=&#8221;4.19.4&#8243; _module_preset=&#8221;default&#8221; text_orientation=&#8221;center&#8221; global_colors_info=&#8221;{}&#8221;][\/et_pb_menu][et_pb_text _builder_version=&#8221;4.19.4&#8243; text_font=&#8221;||||||||&#8221; header_font=&#8221;||||||||&#8221; header_2_font=&#8221;Roboto|800||on|||||&#8221; header_2_font_size=&#8221;9vw&#8221; header_2_letter_spacing=&#8221;0.7em&#8221; transform_scale_tablet=&#8221;&#8221; transform_scale_phone=&#8221;&#8221; transform_scale_last_edited=&#8221;on|desktop&#8221; transform_translate=&#8221;4em|0px&#8221; transform_translate_tablet=&#8221;&#8221; transform_translate_phone=&#8221;0em|0px&#8221; transform_translate_last_edited=&#8221;on|desktop&#8221; transform_translate_linked=&#8221;off&#8221; transform_rotate_tablet=&#8221;&#8221; transform_rotate_phone=&#8221;&#8221; transform_rotate_last_edited=&#8221;on|desktop&#8221; transform_skew_tablet=&#8221;&#8221; transform_skew_phone=&#8221;&#8221; transform_skew_last_edited=&#8221;on|desktop&#8221; transform_origin_tablet=&#8221;&#8221; transform_origin_phone=&#8221;&#8221; transform_origin_last_edited=&#8221;on|desktop&#8221; transform_styles_last_edited=&#8221;on|desktop&#8221; text_orientation=&#8221;center&#8221; background_layout=&#8221;dark&#8221; filter_opacity=&#8221;38%&#8221; header_2_font_size_tablet=&#8221;&#8221; header_2_font_size_phone=&#8221;&#8221; header_2_font_size_last_edited=&#8221;on|phone&#8221; transform_styles_tablet=&#8221;&#8221; transform_styles_phone=&#8221;&#8221; header_2_text_shadow_style=&#8221;preset3&#8243; header_2_text_shadow_color=&#8221;#000000&#8243; text_text_align=&#8221;center&#8221; global_colors_info=&#8221;{}&#8221;]<\/p>\n<h2>H\u00e9li<\/h2>\n<p>[\/et_pb_text][et_pb_social_media_follow follow_button=&#8221;on&#8221; _builder_version=&#8221;4.18.0&#8243; _module_preset=&#8221;default&#8221; text_orientation=&#8221;center&#8221; box_shadow_style=&#8221;preset4&#8243; box_shadow_horizontal=&#8221;4px&#8221; box_shadow_color=&#8221;#7CDA24&#8243; global_colors_info=&#8221;{}&#8221; custom_margin=&#8221;-9px|||||&#8221;][et_pb_social_media_follow_network social_network=&#8221;facebook&#8221; url=&#8221;https:\/\/www.facebook.com\/helipaulino&#8221; _builder_version=&#8221;4.18.0&#8243; _module_preset=&#8221;default&#8221; background_color=&#8221;#3b5998&#8243; global_colors_info=&#8221;{}&#8221; follow_button=&#8221;on&#8221; url_new_window=&#8221;on&#8221;]facebook[\/et_pb_social_media_follow_network][et_pb_social_media_follow_network social_network=&#8221;instagram&#8221; url=&#8221;https:\/\/www.instagram.com\/helimusica\/&#8221; _builder_version=&#8221;4.18.0&#8243; _module_preset=&#8221;default&#8221; background_color=&#8221;#ea2c59&#8243; global_colors_info=&#8221;{}&#8221; follow_button=&#8221;on&#8221; url_new_window=&#8221;on&#8221;]instagram[\/et_pb_social_media_follow_network][\/et_pb_social_media_follow][\/et_pb_column][\/et_pb_row][et_pb_row column_structure=&#8221;1_2,1_2&#8243; _builder_version=&#8221;4.18.0&#8243; _module_preset=&#8221;default&#8221; global_colors_info=&#8221;{}&#8221;][et_pb_column type=&#8221;1_2&#8243; _builder_version=&#8221;4.18.0&#8243; _module_preset=&#8221;default&#8221; global_colors_info=&#8221;{}&#8221;][et_pb_image src=&#8221;https:\/\/helimusica.com\/wp-content\/uploads\/2023\/01\/heli-bossa-nova-1.jpg&#8221; title_text=&#8221;heli-bossa-nova&#8221; _builder_version=&#8221;4.19.4&#8243; _module_preset=&#8221;default&#8221; animation_style=&#8221;zoom&#8221; border_width_all=&#8221;8px&#8221; global_colors_info=&#8221;{}&#8221;][\/et_pb_image][\/et_pb_column][et_pb_column type=&#8221;1_2&#8243; _builder_version=&#8221;4.18.0&#8243; _module_preset=&#8221;default&#8221; global_colors_info=&#8221;{}&#8221;][et_pb_text _builder_version=&#8221;4.19.4&#8243; _module_preset=&#8221;default&#8221; global_colors_info=&#8221;{}&#8221;]<\/p>\n<p><span style=\"color: #ffffff;\">Explore the world through H\u00e9lis&#8217; eyes! Join her on an unforgettable journey as she travels across three different countries, from Brazil to Argentina to the USA. Along the way, H\u00e9li will be capturing and sharing her unique experiences with you\u00a0 in Rio de Janeiro, Buenos Aires, Miami.<\/span><br \/><span style=\"color: #ffffff;\">Get ready for a truly international adventure with H\u00e9li! <\/span><\/p>\n<p>[\/et_pb_text][et_pb_image src=&#8221;https:\/\/helimusica.com\/wp-content\/uploads\/2023\/01\/heli-image-9.jpg&#8221; title_text=&#8221;heli-image-9&#8243; _builder_version=&#8221;4.19.4&#8243; _module_preset=&#8221;default&#8221; border_width_all=&#8221;8px&#8221; global_colors_info=&#8221;{}&#8221;][\/et_pb_image][\/et_pb_column][\/et_pb_row][et_pb_row _builder_version=&#8221;4.18.0&#8243; _module_preset=&#8221;default&#8221; global_colors_info=&#8221;{}&#8221;][et_pb_column type=&#8221;4_4&#8243; _builder_version=&#8221;4.18.0&#8243; _module_preset=&#8221;default&#8221; global_colors_info=&#8221;{}&#8221;][et_pb_code _builder_version=&#8221;4.19.4&#8243; _module_preset=&#8221;default&#8221; global_colors_info=&#8221;{}&#8221;]<iframe loading=\"lazy\" width=\"1080\" height=\"608\" src=\"https:\/\/www.youtube.com\/embed\/JFaDqu5bfdE\" title=\"H\u00e9li en la TV PUBLICA ARG\" frameborder=\"0\" allow=\"accelerometer; autoplay; clipboard-write; encrypted-media; gyroscope; picture-in-picture; web-share\" allowfullscreen><\/iframe>[\/et_pb_code][et_pb_code _builder_version=&#8221;4.19.4&#8243; _module_preset=&#8221;default&#8221; global_colors_info=&#8221;{}&#8221;]<iframe loading=\"lazy\" width=\"1080\" height=\"608\" src=\"https:\/\/www.youtube.com\/embed\/4-3HoJ4CMAw\" title=\"Bossa Nova Despacito in Bossa\" frameborder=\"0\" allow=\"accelerometer; autoplay; clipboard-write; encrypted-media; gyroscope; picture-in-picture; web-share\" allowfullscreen><\/iframe>[\/et_pb_code][et_pb_code _builder_version=&#8221;4.19.4&#8243; _module_preset=&#8221;default&#8221; global_colors_info=&#8221;{}&#8221;]<iframe loading=\"lazy\" width=\"1080\" height=\"608\" src=\"https:\/\/www.youtube.com\/embed\/z8heGbR9mq4\" title=\"H\u00e9li AZYMUTH &#038; Convidados \u00c1guas de Mar\u00e7o\" frameborder=\"0\" allow=\"accelerometer; autoplay; clipboard-write; encrypted-media; gyroscope; picture-in-picture; web-share\" allowfullscreen><\/iframe>[\/et_pb_code][et_pb_code _builder_version=&#8221;4.19.4&#8243; _module_preset=&#8221;default&#8221; global_colors_info=&#8221;{}&#8221;]<iframe loading=\"lazy\" width=\"1080\" height=\"608\" src=\"https:\/\/www.youtube.com\/embed\/r1ylC6_QrbY\" title=\"H\u00c9LI en el Buenos Aires Jazz Festival\" frameborder=\"0\" allow=\"accelerometer; autoplay; clipboard-write; encrypted-media; gyroscope; picture-in-picture; web-share\" allowfullscreen><\/iframe>[\/et_pb_code][et_pb_code _builder_version=&#8221;4.19.4&#8243; _module_preset=&#8221;default&#8221; global_colors_info=&#8221;{}&#8221;]<iframe loading=\"lazy\" width=\"1080\" height=\"608\" src=\"https:\/\/www.youtube.com\/embed\/-R2pJ8_q0zM\" title=\"Brazilian Jazz - H\u00e9li trio\" frameborder=\"0\" allow=\"accelerometer; autoplay; clipboard-write; encrypted-media; gyroscope; picture-in-picture; web-share\" allowfullscreen><\/iframe>[\/et_pb_code][\/et_pb_column][\/et_pb_row][\/et_pb_section][et_pb_section fb_built=&#8221;1&#8243; _builder_version=&#8221;4.19.4&#8243; _module_preset=&#8221;default&#8221; background_color=&#8221;rgba(48,48,48,0.62)&#8221; global_colors_info=&#8221;{}&#8221;][\/et_pb_section][et_pb_section fb_built=&#8221;1&#8243; _builder_version=&#8221;4.19.4&#8243; _module_preset=&#8221;default&#8221; background_color=&#8221;rgba(48,48,48,0.62)&#8221; custom_padding=&#8221;0px|||||&#8221; global_colors_info=&#8221;{}&#8221;][et_pb_row _builder_version=&#8221;4.18.0&#8243; _module_preset=&#8221;default&#8221; global_colors_info=&#8221;{}&#8221;][et_pb_column type=&#8221;4_4&#8243; _builder_version=&#8221;4.18.0&#8243; _module_preset=&#8221;default&#8221; global_colors_info=&#8221;{}&#8221;][et_pb_code _builder_version=&#8221;4.18.0&#8243; _module_preset=&#8221;default&#8221; custom_margin=&#8221;-281px|||||&#8221; global_colors_info=&#8221;{}&#8221;]<iframe style=\"border-radius:12px\" src=\"https:\/\/open.spotify.com\/embed\/artist\/1Ci87UcrbPFaul60yA1E8F?utm_source=generator\" width=\"100%\" height=\"380\" frameBorder=\"0\" allowfullscreen=\"\" allow=\"autoplay; clipboard-write; encrypted-media; fullscreen; picture-in-picture\" loading=\"lazy\"><\/iframe><!-- [et_pb_line_break_holder] -->[\/et_pb_code][\/et_pb_column][\/et_pb_row][\/et_pb_section][et_pb_section fb_built=&#8221;1&#8243; _builder_version=&#8221;4.19.4&#8243; _module_preset=&#8221;default&#8221; background_color=&#8221;#C55F0D&#8221; background_image=&#8221;https:\/\/helimusica.com\/wp-content\/uploads\/2023\/01\/AdobeStock_558034236-1-scaled.jpeg&#8221; global_colors_info=&#8221;{}&#8221;][et_pb_row _builder_version=&#8221;4.19.4&#8243; _module_preset=&#8221;default&#8221; global_colors_info=&#8221;{}&#8221;][et_pb_column type=&#8221;4_4&#8243; _builder_version=&#8221;4.19.4&#8243; _module_preset=&#8221;default&#8221; global_colors_info=&#8221;{}&#8221;][\/et_pb_column][\/et_pb_row][\/et_pb_section][et_pb_section fb_built=&#8221;1&#8243; admin_label=&#8221;Services&#8221; _builder_version=&#8221;4.19.4&#8243; background_color=&#8221;rgba(48,48,48,0.62)&#8221; z_index=&#8221;1&#8243; custom_padding=&#8221;0px|||||&#8221; global_colors_info=&#8221;{}&#8221;][et_pb_row _builder_version=&#8221;4.19.4&#8243; _module_preset=&#8221;default&#8221; global_colors_info=&#8221;{}&#8221;][et_pb_column type=&#8221;4_4&#8243; _builder_version=&#8221;4.19.4&#8243; _module_preset=&#8221;default&#8221; global_colors_info=&#8221;{}&#8221;][et_pb_menu menu_style=&#8221;centered&#8221; _builder_version=&#8221;4.19.4&#8243; _module_preset=&#8221;default&#8221; global_colors_info=&#8221;{}&#8221;][\/et_pb_menu][\/et_pb_column][\/et_pb_row][\/et_pb_section]<\/p>\n","protected":false},"excerpt":{"rendered":"<p>H\u00e9liExplore the world through H\u00e9lis&#8217; eyes! Join her on an unforgettable journey as she travels across three different countries, from Brazil to Argentina to the USA. Along the way, H\u00e9li will be capturing and sharing her unique experiences with you\u00a0 in Rio de Janeiro, Buenos Aires, Miami.Get ready for a truly international adventure with H\u00e9li!<\/p>\n","protected":false},"author":2,"featured_media":0,"parent":0,"menu_order":0,"comment_status":"closed","ping_status":"closed","template":"page-template-blank.php","meta":{"_et_pb_use_builder":"on","_et_pb_old_content":"","_et_gb_content_width":"","_mi_skip_tracking":false,"_monsterinsights_sitenote_active":false,"_monsterinsights_sitenote_note":"","_monsterinsights_sitenote_category":0,"footnotes":""},"class_list":["post-332","page","type-page","status-publish","hentry"],"yoast_head":"<!-- This site is optimized with the Yoast SEO plugin v21.6 - https:\/\/yoast.com\/wordpress\/plugins\/seo\/ -->\n<title>SAMBA JAZZ VIDEOS - Heli Musica<\/title>\n<meta name=\"robots\" content=\"index, follow, max-snippet:-1, max-image-preview:large, max-video-preview:-1\" \/>\n<link rel=\"canonical\" href=\"https:\/\/helimusica.com\/?page_id=332\" \/>\n<meta property=\"og:locale\" content=\"en_US\" \/>\n<meta property=\"og:type\" content=\"article\" \/>\n<meta property=\"og:title\" content=\"SAMBA JAZZ VIDEOS - Heli Musica\" \/>\n<meta property=\"og:description\" content=\"H\u00e9liExplore the world through H\u00e9lis&#039; eyes! Join her on an unforgettable journey as she travels across three different countries, from Brazil to Argentina to the USA. Along the way, H\u00e9li will be capturing and sharing her unique experiences with you\u00a0 in Rio de Janeiro, Buenos Aires, Miami.Get ready for a truly international adventure with H\u00e9li!\" \/>\n<meta property=\"og:url\" content=\"https:\/\/helimusica.com\/?page_id=332\" \/>\n<meta property=\"og:site_name\" content=\"Heli Musica\" \/>\n<meta property=\"article:publisher\" content=\"https:\/\/www.facebook.com\/helipaulino\" \/>\n<meta property=\"article:modified_time\" content=\"2024-10-12T00:14:10+00:00\" \/>\n<meta name=\"twitter:card\" content=\"summary_large_image\" \/>\n<meta name=\"twitter:label1\" content=\"Est. reading time\" \/>\n\t<meta name=\"twitter:data1\" content=\"4 minutes\" \/>\n<script type=\"application\/ld+json\" class=\"yoast-schema-graph\">{\"@context\":\"https:\/\/schema.org\",\"@graph\":[{\"@type\":\"WebPage\",\"@id\":\"https:\/\/helimusica.com\/?page_id=332\",\"url\":\"https:\/\/helimusica.com\/?page_id=332\",\"name\":\"SAMBA JAZZ VIDEOS - Heli Musica\",\"isPartOf\":{\"@id\":\"https:\/\/helimusica.com\/#website\"},\"datePublished\":\"2023-01-17T16:49:34+00:00\",\"dateModified\":\"2024-10-12T00:14:10+00:00\",\"breadcrumb\":{\"@id\":\"https:\/\/helimusica.com\/?page_id=332#breadcrumb\"},\"inLanguage\":\"en-US\",\"potentialAction\":[{\"@type\":\"ReadAction\",\"target\":[\"https:\/\/helimusica.com\/?page_id=332\"]}]},{\"@type\":\"BreadcrumbList\",\"@id\":\"https:\/\/helimusica.com\/?page_id=332#breadcrumb\",\"itemListElement\":[{\"@type\":\"ListItem\",\"position\":1,\"name\":\"Home\",\"item\":\"https:\/\/helimusica.com\/\"},{\"@type\":\"ListItem\",\"position\":2,\"name\":\"SAMBA JAZZ VIDEOS\"}]},{\"@type\":\"WebSite\",\"@id\":\"https:\/\/helimusica.com\/#website\",\"url\":\"https:\/\/helimusica.com\/\",\"name\":\"helimusica.com\",\"description\":\"The Heart of Bossa Nova\",\"publisher\":{\"@id\":\"https:\/\/helimusica.com\/#\/schema\/person\/74e65f1e999269afd1da537915cdc11b\"},\"potentialAction\":[{\"@type\":\"SearchAction\",\"target\":{\"@type\":\"EntryPoint\",\"urlTemplate\":\"https:\/\/helimusica.com\/?s={search_term_string}\"},\"query-input\":\"required name=search_term_string\"}],\"inLanguage\":\"en-US\"},{\"@type\":[\"Person\",\"Organization\"],\"@id\":\"https:\/\/helimusica.com\/#\/schema\/person\/74e65f1e999269afd1da537915cdc11b\",\"name\":\"Heli Paulino Calvenzani\",\"image\":{\"@type\":\"ImageObject\",\"inLanguage\":\"en-US\",\"@id\":\"https:\/\/helimusica.com\/#\/schema\/person\/image\/\",\"url\":\"https:\/\/helimusica.com\/wp-content\/uploads\/2023\/01\/heli-radio-1.jpg\",\"contentUrl\":\"https:\/\/helimusica.com\/wp-content\/uploads\/2023\/01\/heli-radio-1.jpg\",\"width\":1170,\"height\":1234,\"caption\":\"Heli Paulino Calvenzani\"},\"logo\":{\"@id\":\"https:\/\/helimusica.com\/#\/schema\/person\/image\/\"},\"description\":\"H\u00c9LI is a multifaceted artist of international renown known for her musical talents. She is a singer, guitarist and composer from Rio de Janeiro, Brazil. Commended by the BBC in London as one of the new reference voices of Brazilian music to this day.\",\"sameAs\":[\"http:\/\/helimusica.com\",\"https:\/\/www.facebook.com\/helipaulino\",\"https:\/\/www.instagram.com\/helimusica\/\"]}]}<\/script>\n<!-- \/ Yoast SEO plugin. -->","yoast_head_json":{"title":"SAMBA JAZZ VIDEOS - Heli Musica","robots":{"index":"index","follow":"follow","max-snippet":"max-snippet:-1","max-image-preview":"max-image-preview:large","max-video-preview":"max-video-preview:-1"},"canonical":"https:\/\/helimusica.com\/?page_id=332","og_locale":"en_US","og_type":"article","og_title":"SAMBA JAZZ VIDEOS - Heli Musica","og_description":"H\u00e9liExplore the world through H\u00e9lis' eyes! Join her on an unforgettable journey as she travels across three different countries, from Brazil to Argentina to the USA. Along the way, H\u00e9li will be capturing and sharing her unique experiences with you\u00a0 in Rio de Janeiro, Buenos Aires, Miami.Get ready for a truly international adventure with H\u00e9li!","og_url":"https:\/\/helimusica.com\/?page_id=332","og_site_name":"Heli Musica","article_publisher":"https:\/\/www.facebook.com\/helipaulino","article_modified_time":"2024-10-12T00:14:10+00:00","twitter_card":"summary_large_image","twitter_misc":{"Est. reading time":"4 minutes"},"schema":{"@context":"https:\/\/schema.org","@graph":[{"@type":"WebPage","@id":"https:\/\/helimusica.com\/?page_id=332","url":"https:\/\/helimusica.com\/?page_id=332","name":"SAMBA JAZZ VIDEOS - Heli Musica","isPartOf":{"@id":"https:\/\/helimusica.com\/#website"},"datePublished":"2023-01-17T16:49:34+00:00","dateModified":"2024-10-12T00:14:10+00:00","breadcrumb":{"@id":"https:\/\/helimusica.com\/?page_id=332#breadcrumb"},"inLanguage":"en-US","potentialAction":[{"@type":"ReadAction","target":["https:\/\/helimusica.com\/?page_id=332"]}]},{"@type":"BreadcrumbList","@id":"https:\/\/helimusica.com\/?page_id=332#breadcrumb","itemListElement":[{"@type":"ListItem","position":1,"name":"Home","item":"https:\/\/helimusica.com\/"},{"@type":"ListItem","position":2,"name":"SAMBA JAZZ VIDEOS"}]},{"@type":"WebSite","@id":"https:\/\/helimusica.com\/#website","url":"https:\/\/helimusica.com\/","name":"helimusica.com","description":"The Heart of Bossa Nova","publisher":{"@id":"https:\/\/helimusica.com\/#\/schema\/person\/74e65f1e999269afd1da537915cdc11b"},"potentialAction":[{"@type":"SearchAction","target":{"@type":"EntryPoint","urlTemplate":"https:\/\/helimusica.com\/?s={search_term_string}"},"query-input":"required name=search_term_string"}],"inLanguage":"en-US"},{"@type":["Person","Organization"],"@id":"https:\/\/helimusica.com\/#\/schema\/person\/74e65f1e999269afd1da537915cdc11b","name":"Heli Paulino Calvenzani","image":{"@type":"ImageObject","inLanguage":"en-US","@id":"https:\/\/helimusica.com\/#\/schema\/person\/image\/","url":"https:\/\/helimusica.com\/wp-content\/uploads\/2023\/01\/heli-radio-1.jpg","contentUrl":"https:\/\/helimusica.com\/wp-content\/uploads\/2023\/01\/heli-radio-1.jpg","width":1170,"height":1234,"caption":"Heli Paulino Calvenzani"},"logo":{"@id":"https:\/\/helimusica.com\/#\/schema\/person\/image\/"},"description":"H\u00c9LI is a multifaceted artist of international renown known for her musical talents. She is a singer, guitarist and composer from Rio de Janeiro, Brazil. Commended by the BBC in London as one of the new reference voices of Brazilian music to this day.","sameAs":["http:\/\/helimusica.com","https:\/\/www.facebook.com\/helipaulino","https:\/\/www.instagram.com\/helimusica\/"]}]}},"_links":{"self":[{"href":"https:\/\/helimusica.com\/index.php?rest_route=\/wp\/v2\/pages\/332","targetHints":{"allow":["GET"]}}],"collection":[{"href":"https:\/\/helimusica.com\/index.php?rest_route=\/wp\/v2\/pages"}],"about":[{"href":"https:\/\/helimusica.com\/index.php?rest_route=\/wp\/v2\/types\/page"}],"author":[{"embeddable":true,"href":"https:\/\/helimusica.com\/index.php?rest_route=\/wp\/v2\/users\/2"}],"replies":[{"embeddable":true,"href":"https:\/\/helimusica.com\/index.php?rest_route=%2Fwp%2Fv2%2Fcomments&post=332"}],"version-history":[{"count":19,"href":"https:\/\/helimusica.com\/index.php?rest_route=\/wp\/v2\/pages\/332\/revisions"}],"predecessor-version":[{"id":798,"href":"https:\/\/helimusica.com\/index.php?rest_route=\/wp\/v2\/pages\/332\/revisions\/798"}],"wp:attachment":[{"href":"https:\/\/helimusica.com\/index.php?rest_route=%2Fwp%2Fv2%2Fmedia&parent=332"}],"curies":[{"name":"wp","href":"https:\/\/api.w.org\/{rel}","templated":true}]}}