{"id":275,"date":"2023-01-11T22:45:34","date_gmt":"2023-01-11T22:45:34","guid":{"rendered":"https:\/\/helimusica.com\/?page_id=275"},"modified":"2026-03-17T22:45:33","modified_gmt":"2026-03-17T22:45:33","slug":"bossa-nova","status":"publish","type":"page","link":"https:\/\/helimusica.com\/?page_id=275","title":{"rendered":"Bossa Nova"},"content":{"rendered":"<p>[et_pb_section fb_built=&#8221;1&#8243; _builder_version=&#8221;4.19.4&#8243; _module_preset=&#8221;default&#8221; background_color=&#8221;rgba(48,48,48,0.62)&#8221; width=&#8221;100%&#8221; custom_margin=&#8221;-32px|||||&#8221; global_colors_info=&#8221;{}&#8221;][et_pb_row _builder_version=&#8221;4.19.4&#8243; _module_preset=&#8221;default&#8221; global_colors_info=&#8221;{}&#8221;][et_pb_column type=&#8221;4_4&#8243; _builder_version=&#8221;4.18.0&#8243; _module_preset=&#8221;default&#8221; global_colors_info=&#8221;{}&#8221;][et_pb_menu menu_style=&#8221;centered&#8221; _builder_version=&#8221;4.19.4&#8243; _module_preset=&#8221;default&#8221; global_colors_info=&#8221;{}&#8221;][\/et_pb_menu][et_pb_text _builder_version=&#8221;4.19.4&#8243; text_font=&#8221;||||||||&#8221; header_font=&#8221;||||||||&#8221; header_2_font=&#8221;Roboto|800||on|||||&#8221; header_2_font_size=&#8221;9vw&#8221; header_2_letter_spacing=&#8221;0.7em&#8221; transform_scale_tablet=&#8221;&#8221; transform_scale_phone=&#8221;&#8221; transform_scale_last_edited=&#8221;on|desktop&#8221; transform_translate=&#8221;4em|0px&#8221; transform_translate_tablet=&#8221;&#8221; transform_translate_phone=&#8221;0em|0px&#8221; transform_translate_last_edited=&#8221;on|desktop&#8221; transform_translate_linked=&#8221;off&#8221; transform_rotate_tablet=&#8221;&#8221; transform_rotate_phone=&#8221;&#8221; transform_rotate_last_edited=&#8221;on|desktop&#8221; transform_skew_tablet=&#8221;&#8221; transform_skew_phone=&#8221;&#8221; transform_skew_last_edited=&#8221;on|desktop&#8221; transform_origin_tablet=&#8221;&#8221; transform_origin_phone=&#8221;&#8221; transform_origin_last_edited=&#8221;on|desktop&#8221; transform_styles_last_edited=&#8221;on|desktop&#8221; text_orientation=&#8221;center&#8221; background_layout=&#8221;dark&#8221; filter_opacity=&#8221;38%&#8221; header_2_font_size_tablet=&#8221;&#8221; header_2_font_size_phone=&#8221;&#8221; header_2_font_size_last_edited=&#8221;on|phone&#8221; transform_styles_tablet=&#8221;&#8221; transform_styles_phone=&#8221;&#8221; header_2_text_shadow_style=&#8221;preset3&#8243; header_2_text_shadow_color=&#8221;#000000&#8243; text_text_align=&#8221;center&#8221; global_colors_info=&#8221;{}&#8221;]<\/p>\n<h2>H\u00e9li<\/h2>\n<p>[\/et_pb_text][\/et_pb_column][\/et_pb_row][et_pb_row column_structure=&#8221;1_2,1_2&#8243; _builder_version=&#8221;4.18.0&#8243; _module_preset=&#8221;default&#8221; global_colors_info=&#8221;{}&#8221;][et_pb_column type=&#8221;1_2&#8243; _builder_version=&#8221;4.18.0&#8243; _module_preset=&#8221;default&#8221; global_colors_info=&#8221;{}&#8221;][et_pb_text _builder_version=&#8221;4.19.4&#8243; _module_preset=&#8221;default&#8221; text_font=&#8221;Anton||||||||&#8221; text_text_color=&#8221;#E02B20&#8243; header_font=&#8221;Anton||||||||&#8221; custom_margin=&#8221;|-569px||||&#8221; global_colors_info=&#8221;{}&#8221;]<\/p>\n<h1 style=\"text-align: center;\"><span style=\"color: #993300;\">BOSSA NOVA<\/span><\/h1>\n<p>[\/et_pb_text][et_pb_image src=&#8221;https:\/\/helimusica.com\/wp-content\/uploads\/2023\/01\/lady-bossa-nova.jpg&#8221; title_text=&#8221;lady-bossa-nova&#8221; _builder_version=&#8221;4.19.4&#8243; _module_preset=&#8221;default&#8221; animation_style=&#8221;fold&#8221; global_colors_info=&#8221;{}&#8221;][\/et_pb_image][\/et_pb_column][et_pb_column type=&#8221;1_2&#8243; _builder_version=&#8221;4.18.0&#8243; _module_preset=&#8221;default&#8221; global_colors_info=&#8221;{}&#8221;][et_pb_text _builder_version=&#8221;4.19.4&#8243; _module_preset=&#8221;default&#8221; min_height=&#8221;345.3px&#8221; custom_padding=&#8221;75px|||||&#8221; global_colors_info=&#8221;{}&#8221;]<\/p>\n<p><span style=\"color: #ffffff;\">The Bossa Nova is one of the most popular Latin music styles of all time, having originated in Brazil in the 1950&#8217;s. It continues to be an influential and beloved genre across many different countries and cultures. <\/span><\/p>\n<p><span style=\"color: #ffffff;\">As the genre continues its rise to prominence, it is important to note the key figures who have helped define and shape its sound. Here is a look at some of the most influential Bossa Nova artists.<\/span><\/p>\n<h2><span style=\"color: #000000;\" tabindex=\"-1\"> Famous Bossa Nova Artists<\/span><\/h2>\n<p><span style=\"color: #ffffff;\">The Brazilian multi-instrumentalist Roberto Menescal is widely credited as being one of the pioneers of the Bossa Nova movement. His 1960 album \u201cO Som Do Jazz\u201d was highly influential and brought together elements from both traditional Brazilian rhythms and jazz music. His unique style has inspired countless musicians in Brazil and around the world, making him a key figure in Bossa Nova.<\/span><\/p>\n<p><span style=\"color: #ffffff;\">Gilberto Gil is another artist who played a significant role in defining Bossa Nova. He became the Minister of Culture in Brazil in 2003, however before this he recorded numerous albums with artists such as Caetano Veloso and Gal Costa. The Brazilian musical genre known as Bossa Nova has been a cultural staple since the 1950s, captivating listeners all over the world.<\/span><\/p>\n<p><span style=\"color: #ffffff;\">\u00a0<\/span><\/p>\n<p>[\/et_pb_text][\/et_pb_column][\/et_pb_row][et_pb_row _builder_version=&#8221;4.18.0&#8243; _module_preset=&#8221;default&#8221; global_colors_info=&#8221;{}&#8221;][et_pb_column type=&#8221;4_4&#8243; _builder_version=&#8221;4.18.0&#8243; _module_preset=&#8221;default&#8221; global_colors_info=&#8221;{}&#8221;][et_pb_text _builder_version=&#8221;4.19.4&#8243; _module_preset=&#8221;default&#8221; custom_padding=&#8221;0px|||||&#8221; global_colors_info=&#8221;{}&#8221;]<\/p>\n<p><span style=\"color: #ffffff;\">The cool rhythms and intricate instrumentation of Bossa Nova have inspired some of today&#8217;s most iconic artists. From Paul McCartney&#8217;s covers of classic songs to Bruno Mars&#8217; contemporary hits, and Billie Eilish many musicians have woven Bossa Nova into their own unique soundscapes. For decades now, these artists have kept the spirit alive with their own versions that pay homage to this distinctively Brazilian genre while also introducing new elements into their work.<\/span><\/p>\n<p>[\/et_pb_text][et_pb_image src=&#8221;https:\/\/helimusica.com\/wp-content\/uploads\/2023\/01\/AdobeStock_191264522-scaled.jpeg&#8221; title_text=&#8221;Rio de Janeiro &#8211; June 21, 2017: The Selaron Steps in the histori&#8221; _builder_version=&#8221;4.19.4&#8243; _module_preset=&#8221;default&#8221; global_colors_info=&#8221;{}&#8221;][\/et_pb_image][et_pb_text _builder_version=&#8221;4.18.0&#8243; _module_preset=&#8221;default&#8221; text_font=&#8221;Anton||||||||&#8221; text_text_color=&#8221;#E02B20&#8243; text_font_size=&#8221;28px&#8221; text_orientation=&#8221;center&#8221; global_colors_info=&#8221;{}&#8221;]<\/p>\n<h2><\/h2>\n<h2><\/h2>\n<h2><\/h2>\n<h2><\/h2>\n<h2>BOSSA NOVA SONGS<\/h2>\n<p>[\/et_pb_text][\/et_pb_column][\/et_pb_row][et_pb_row _builder_version=&#8221;4.18.0&#8243; _module_preset=&#8221;default&#8221; global_colors_info=&#8221;{}&#8221;][et_pb_column type=&#8221;4_4&#8243; _builder_version=&#8221;4.18.0&#8243; _module_preset=&#8221;default&#8221; global_colors_info=&#8221;{}&#8221;][et_pb_text _builder_version=&#8221;4.18.0&#8243; _module_preset=&#8221;default&#8221; global_colors_info=&#8221;{}&#8221;]<\/p>\n<p>&nbsp;<\/p>\n<p>&nbsp;<\/p>\n<p>&nbsp;<\/p>\n<p>[\/et_pb_text][\/et_pb_column][\/et_pb_row][\/et_pb_section][et_pb_section fb_built=&#8221;1&#8243; _builder_version=&#8221;4.19.4&#8243; _module_preset=&#8221;default&#8221; background_color=&#8221;rgba(48,48,48,0.62)&#8221; min_height=&#8221;1400.6px&#8221; custom_margin=&#8221;-225px|||||&#8221; global_colors_info=&#8221;{}&#8221;][et_pb_row column_structure=&#8221;1_2,1_2&#8243; _builder_version=&#8221;4.19.4&#8243; _module_preset=&#8221;default&#8221; global_colors_info=&#8221;{}&#8221;][et_pb_column type=&#8221;1_2&#8243; _builder_version=&#8221;4.19.4&#8243; _module_preset=&#8221;default&#8221; global_colors_info=&#8221;{}&#8221;][et_pb_image src=&#8221;https:\/\/helimusica.com\/wp-content\/uploads\/2023\/01\/heli-show-6.jpg&#8221; title_text=&#8221;heli-show-6&#8243; _builder_version=&#8221;4.19.4&#8243; _module_preset=&#8221;default&#8221; custom_margin=&#8221;-107px||127px|||&#8221; custom_padding=&#8221;10px|||||&#8221; box_shadow_style=&#8221;preset1&#8243; box_shadow_color=&#8221;#000000&#8243; global_colors_info=&#8221;{}&#8221;][\/et_pb_image][\/et_pb_column][et_pb_column type=&#8221;1_2&#8243; _builder_version=&#8221;4.19.4&#8243; _module_preset=&#8221;default&#8221; global_colors_info=&#8221;{}&#8221;][et_pb_text _builder_version=&#8221;4.19.4&#8243; _module_preset=&#8221;default&#8221; custom_margin=&#8221;-102px|||||&#8221; global_colors_info=&#8221;{}&#8221;]<\/p>\n<p><span style=\"color: #ffffff;\">Here are a few of our favorite Bossa Nova-infused tracks to get you in the mood for the new album!<\/span><\/p>\n<p><span style=\"color: #ffffff;\">1. &#8220;Corcovado&#8221; by Stan Getz &amp; Astrud Gilberto This classic track is one of the most well-known Bossa Nova songs and has been covered by multiple artists. It was originally written by Antonio Carlos Jobim and Vin\u00edcius de Moraes for the play, Orfeu da Concei\u00e7\u00e3o, which was adapted into a popular film with the same title. The original version of the song was sung by Gilberto herself and was released in 1959. In 1964, Getz&#8217;s version hit #1 on the Billboard Hot 100 chart and was awarded a Grammy for Best Jazz Performance, Soloist.<\/span><\/p>\n<p><span style=\"color: #ffffff;\">2 . &#8220;Aguas de Marco&#8221; by Stan Getz &amp; Joao Gilberto This track is the fourth in a series of five songs Gilberto recorded in two days for Odeon Records. This particular song features Gilberto on vocals and Getz playing the tenor saxophone.<\/span><\/p>\n<p><span style=\"color: #ffffff;\">3. &#8220;Havana Jam&#8221; by Cuba&#8217;s Orquesta Aragon This song was originally written by Cuban jazz pianist and composer Chucho Vald es, but the version you hear in this video is performed by Cuba&#8217;s Orquesta Aragon. &#8220;Como Yo Te Amo&#8221; by Los Van Van This song is performed by the legendary band Los Van Van. It&#8217;s a classic disco song that many fans of Cuban music will recognize instantly.<\/span><\/p>\n<p><span style=\"color: #ffffff;\">4. &#8220;Desafinado&#8221; by Stan Getz &amp; Joao Gilberto This track is the second in a series of five songs Gilberto recorded in two days for Odeon Records. This particular song features Gilberto on vocals and Getz playing the tenor saxophone.<\/span><\/p>\n<p><span style=\"color: #ffffff;\">5. &#8220;O Pato&#8221; by Stan Getz &amp; Joao Gilberto This track is the fourth in a series of five songs Gilberto recorded in two days for Odeon Records. This particular song features Gilberto on vocals and Getz playing the tenor saxophone.<\/span><\/p>\n<p><span style=\"color: #ffffff;\">6. &#8220;Crepusculo&#8221; by Antonio Carlos Jobim &amp; Stan Getz This song was written by Jobim in the late &#8217;50s, but it wasn&#8217;t until 1964 that he and Getz recorded this track. It was released on the album Jazz Samba in 1965.<\/span><\/p>\n<p><span style=\"color: #ffffff;\">7. &#8220;Giant Steps&#8221; by John Coltrane This song was released on the album of the same name in 1959. It&#8217;s a challenging song that is not for beginners.<\/span><\/p>\n<p><span style=\"color: #ffffff;\">8. &#8220;So What&#8221; by Miles Davis This song was released on the album of the same name in 1959. It is considered one of the most difficult jazz standards to play for saxophone.<\/span><\/p>\n<p><span style=\"color: #ffffff;\">9. &#8220;Take Five&#8221; by Dave Brubeck This song was released on the album Time Out in 1959. It features a polyrhythm with a 5\/4 time signature, and is considered one of the most difficult jazz standards to play for saxophone.<\/span><\/p>\n<p><span style=\"color: #ffffff;\">10. &#8220;Concierto de Aranjuez&#8221; by Rodrigo This is one of the most famous classical guitar pieces of all time. It was written in 1939 by Spanish composer Joaqu\u00edn Rodrigo, and is best known for its extremely intricate melody.<\/span><\/p>\n<p>[\/et_pb_text][\/et_pb_column][\/et_pb_row][\/et_pb_section][et_pb_section fb_built=&#8221;1&#8243; _builder_version=&#8221;4.19.4&#8243; _module_preset=&#8221;default&#8221; background_color=&#8221;rgba(48,48,48,0.62)&#8221; custom_padding=&#8221;0px|||||&#8221; global_colors_info=&#8221;{}&#8221;][et_pb_row _builder_version=&#8221;4.18.0&#8243; _module_preset=&#8221;default&#8221; global_colors_info=&#8221;{}&#8221;][et_pb_column type=&#8221;4_4&#8243; _builder_version=&#8221;4.18.0&#8243; _module_preset=&#8221;default&#8221; global_colors_info=&#8221;{}&#8221;][et_pb_code _builder_version=&#8221;4.18.0&#8243; _module_preset=&#8221;default&#8221; custom_margin=&#8221;-272px|||||&#8221; global_colors_info=&#8221;{}&#8221;]<iframe style=\"border-radius:12px\" src=\"https:\/\/open.spotify.com\/embed\/artist\/1Ci87UcrbPFaul60yA1E8F?utm_source=generator\" width=\"100%\" height=\"380\" frameBorder=\"0\" allowfullscreen=\"\" allow=\"autoplay; clipboard-write; encrypted-media; fullscreen; picture-in-picture\" loading=\"lazy\"><\/iframe><!-- [et_pb_line_break_holder] -->[\/et_pb_code][\/et_pb_column][\/et_pb_row][\/et_pb_section][et_pb_section fb_built=&#8221;1&#8243; _builder_version=&#8221;4.19.4&#8243; _module_preset=&#8221;default&#8221; background_image=&#8221;https:\/\/helimusica.com\/wp-content\/uploads\/2023\/01\/AdobeStock_558034236-1-scaled.jpeg&#8221; global_colors_info=&#8221;{}&#8221;][\/et_pb_section][et_pb_section fb_built=&#8221;1&#8243; _builder_version=&#8221;4.19.4&#8243; _module_preset=&#8221;default&#8221; background_color=&#8221;rgba(48,48,48,0.62)&#8221; global_colors_info=&#8221;{}&#8221;][et_pb_row _builder_version=&#8221;4.19.4&#8243; _module_preset=&#8221;default&#8221; global_colors_info=&#8221;{}&#8221;][et_pb_column type=&#8221;4_4&#8243; _builder_version=&#8221;4.19.4&#8243; _module_preset=&#8221;default&#8221; global_colors_info=&#8221;{}&#8221;][et_pb_menu submenu_direction=&#8221;upwards&#8221; _builder_version=&#8221;4.19.4&#8243; _module_preset=&#8221;default&#8221; text_orientation=&#8221;center&#8221; menu_text_shadow_style=&#8221;preset4&#8243; global_colors_info=&#8221;{}&#8221;][\/et_pb_menu][\/et_pb_column][\/et_pb_row][\/et_pb_section]<\/p>\n","protected":false},"excerpt":{"rendered":"<p>H\u00e9liBOSSA NOVAThe Bossa Nova is one of the most popular Latin music styles of all time, having originated in Brazil in the 1950&#8217;s. It continues to be an influential and beloved genre across many different countries and cultures. As the genre continues its rise to prominence, it is important to note the key figures who [&hellip;]<\/p>\n","protected":false},"author":2,"featured_media":0,"parent":0,"menu_order":0,"comment_status":"closed","ping_status":"closed","template":"page-template-blank.php","meta":{"_et_pb_use_builder":"on","_et_pb_old_content":"","_et_gb_content_width":"","_mi_skip_tracking":false,"_monsterinsights_sitenote_active":false,"_monsterinsights_sitenote_note":"","_monsterinsights_sitenote_category":0,"footnotes":""},"class_list":["post-275","page","type-page","status-publish","hentry"],"yoast_head":"<!-- This site is optimized with the Yoast SEO plugin v21.6 - https:\/\/yoast.com\/wordpress\/plugins\/seo\/ -->\n<title>Bossa Nova - Heli Musica<\/title>\n<meta name=\"description\" content=\"The Bossa Nova is one of the most popular Latin music styles of all time, having originated in Brazil in the 1950\u2019s. It continues to be an influential and beloved genre across many different countries and cultures.\" \/>\n<meta name=\"robots\" content=\"index, follow, max-snippet:-1, max-image-preview:large, max-video-preview:-1\" \/>\n<link rel=\"canonical\" href=\"https:\/\/helimusica.com\/?page_id=275\" \/>\n<meta property=\"og:locale\" content=\"en_US\" \/>\n<meta property=\"og:type\" content=\"article\" \/>\n<meta property=\"og:title\" content=\"Bossa Nova - Heli Musica\" \/>\n<meta property=\"og:description\" content=\"The Bossa Nova is one of the most popular Latin music styles of all time, having originated in Brazil in the 1950\u2019s. It continues to be an influential and beloved genre across many different countries and cultures.\" \/>\n<meta property=\"og:url\" content=\"https:\/\/helimusica.com\/?page_id=275\" \/>\n<meta property=\"og:site_name\" content=\"Heli Musica\" \/>\n<meta property=\"article:publisher\" content=\"https:\/\/www.facebook.com\/helipaulino\" \/>\n<meta property=\"article:modified_time\" content=\"2026-03-17T22:45:33+00:00\" \/>\n<meta name=\"twitter:card\" content=\"summary_large_image\" \/>\n<meta name=\"twitter:label1\" content=\"Est. reading time\" \/>\n\t<meta name=\"twitter:data1\" content=\"5 minutes\" \/>\n<script type=\"application\/ld+json\" class=\"yoast-schema-graph\">{\"@context\":\"https:\/\/schema.org\",\"@graph\":[{\"@type\":\"WebPage\",\"@id\":\"https:\/\/helimusica.com\/?page_id=275\",\"url\":\"https:\/\/helimusica.com\/?page_id=275\",\"name\":\"Bossa Nova - Heli Musica\",\"isPartOf\":{\"@id\":\"https:\/\/helimusica.com\/#website\"},\"datePublished\":\"2023-01-11T22:45:34+00:00\",\"dateModified\":\"2026-03-17T22:45:33+00:00\",\"description\":\"The Bossa Nova is one of the most popular Latin music styles of all time, having originated in Brazil in the 1950\u2019s. It continues to be an influential and beloved genre across many different countries and cultures.\",\"breadcrumb\":{\"@id\":\"https:\/\/helimusica.com\/?page_id=275#breadcrumb\"},\"inLanguage\":\"en-US\",\"potentialAction\":[{\"@type\":\"ReadAction\",\"target\":[\"https:\/\/helimusica.com\/?page_id=275\"]}]},{\"@type\":\"BreadcrumbList\",\"@id\":\"https:\/\/helimusica.com\/?page_id=275#breadcrumb\",\"itemListElement\":[{\"@type\":\"ListItem\",\"position\":1,\"name\":\"Home\",\"item\":\"https:\/\/helimusica.com\/\"},{\"@type\":\"ListItem\",\"position\":2,\"name\":\"Bossa Nova\"}]},{\"@type\":\"WebSite\",\"@id\":\"https:\/\/helimusica.com\/#website\",\"url\":\"https:\/\/helimusica.com\/\",\"name\":\"helimusica.com\",\"description\":\"The Heart of Bossa Nova\",\"publisher\":{\"@id\":\"https:\/\/helimusica.com\/#\/schema\/person\/74e65f1e999269afd1da537915cdc11b\"},\"potentialAction\":[{\"@type\":\"SearchAction\",\"target\":{\"@type\":\"EntryPoint\",\"urlTemplate\":\"https:\/\/helimusica.com\/?s={search_term_string}\"},\"query-input\":\"required name=search_term_string\"}],\"inLanguage\":\"en-US\"},{\"@type\":[\"Person\",\"Organization\"],\"@id\":\"https:\/\/helimusica.com\/#\/schema\/person\/74e65f1e999269afd1da537915cdc11b\",\"name\":\"Heli Paulino Calvenzani\",\"image\":{\"@type\":\"ImageObject\",\"inLanguage\":\"en-US\",\"@id\":\"https:\/\/helimusica.com\/#\/schema\/person\/image\/\",\"url\":\"https:\/\/helimusica.com\/wp-content\/uploads\/2023\/01\/heli-radio-1.jpg\",\"contentUrl\":\"https:\/\/helimusica.com\/wp-content\/uploads\/2023\/01\/heli-radio-1.jpg\",\"width\":1170,\"height\":1234,\"caption\":\"Heli Paulino Calvenzani\"},\"logo\":{\"@id\":\"https:\/\/helimusica.com\/#\/schema\/person\/image\/\"},\"description\":\"H\u00c9LI is a multifaceted artist of international renown known for her musical talents. She is a singer, guitarist and composer from Rio de Janeiro, Brazil. Commended by the BBC in London as one of the new reference voices of Brazilian music to this day.\",\"sameAs\":[\"http:\/\/helimusica.com\",\"https:\/\/www.facebook.com\/helipaulino\",\"https:\/\/www.instagram.com\/helimusica\/\"]}]}<\/script>\n<!-- \/ Yoast SEO plugin. -->","yoast_head_json":{"title":"Bossa Nova - Heli Musica","description":"The Bossa Nova is one of the most popular Latin music styles of all time, having originated in Brazil in the 1950\u2019s. It continues to be an influential and beloved genre across many different countries and cultures.","robots":{"index":"index","follow":"follow","max-snippet":"max-snippet:-1","max-image-preview":"max-image-preview:large","max-video-preview":"max-video-preview:-1"},"canonical":"https:\/\/helimusica.com\/?page_id=275","og_locale":"en_US","og_type":"article","og_title":"Bossa Nova - Heli Musica","og_description":"The Bossa Nova is one of the most popular Latin music styles of all time, having originated in Brazil in the 1950\u2019s. It continues to be an influential and beloved genre across many different countries and cultures.","og_url":"https:\/\/helimusica.com\/?page_id=275","og_site_name":"Heli Musica","article_publisher":"https:\/\/www.facebook.com\/helipaulino","article_modified_time":"2026-03-17T22:45:33+00:00","twitter_card":"summary_large_image","twitter_misc":{"Est. reading time":"5 minutes"},"schema":{"@context":"https:\/\/schema.org","@graph":[{"@type":"WebPage","@id":"https:\/\/helimusica.com\/?page_id=275","url":"https:\/\/helimusica.com\/?page_id=275","name":"Bossa Nova - Heli Musica","isPartOf":{"@id":"https:\/\/helimusica.com\/#website"},"datePublished":"2023-01-11T22:45:34+00:00","dateModified":"2026-03-17T22:45:33+00:00","description":"The Bossa Nova is one of the most popular Latin music styles of all time, having originated in Brazil in the 1950\u2019s. It continues to be an influential and beloved genre across many different countries and cultures.","breadcrumb":{"@id":"https:\/\/helimusica.com\/?page_id=275#breadcrumb"},"inLanguage":"en-US","potentialAction":[{"@type":"ReadAction","target":["https:\/\/helimusica.com\/?page_id=275"]}]},{"@type":"BreadcrumbList","@id":"https:\/\/helimusica.com\/?page_id=275#breadcrumb","itemListElement":[{"@type":"ListItem","position":1,"name":"Home","item":"https:\/\/helimusica.com\/"},{"@type":"ListItem","position":2,"name":"Bossa Nova"}]},{"@type":"WebSite","@id":"https:\/\/helimusica.com\/#website","url":"https:\/\/helimusica.com\/","name":"helimusica.com","description":"The Heart of Bossa Nova","publisher":{"@id":"https:\/\/helimusica.com\/#\/schema\/person\/74e65f1e999269afd1da537915cdc11b"},"potentialAction":[{"@type":"SearchAction","target":{"@type":"EntryPoint","urlTemplate":"https:\/\/helimusica.com\/?s={search_term_string}"},"query-input":"required name=search_term_string"}],"inLanguage":"en-US"},{"@type":["Person","Organization"],"@id":"https:\/\/helimusica.com\/#\/schema\/person\/74e65f1e999269afd1da537915cdc11b","name":"Heli Paulino Calvenzani","image":{"@type":"ImageObject","inLanguage":"en-US","@id":"https:\/\/helimusica.com\/#\/schema\/person\/image\/","url":"https:\/\/helimusica.com\/wp-content\/uploads\/2023\/01\/heli-radio-1.jpg","contentUrl":"https:\/\/helimusica.com\/wp-content\/uploads\/2023\/01\/heli-radio-1.jpg","width":1170,"height":1234,"caption":"Heli Paulino Calvenzani"},"logo":{"@id":"https:\/\/helimusica.com\/#\/schema\/person\/image\/"},"description":"H\u00c9LI is a multifaceted artist of international renown known for her musical talents. She is a singer, guitarist and composer from Rio de Janeiro, Brazil. Commended by the BBC in London as one of the new reference voices of Brazilian music to this day.","sameAs":["http:\/\/helimusica.com","https:\/\/www.facebook.com\/helipaulino","https:\/\/www.instagram.com\/helimusica\/"]}]}},"_links":{"self":[{"href":"https:\/\/helimusica.com\/index.php?rest_route=\/wp\/v2\/pages\/275","targetHints":{"allow":["GET"]}}],"collection":[{"href":"https:\/\/helimusica.com\/index.php?rest_route=\/wp\/v2\/pages"}],"about":[{"href":"https:\/\/helimusica.com\/index.php?rest_route=\/wp\/v2\/types\/page"}],"author":[{"embeddable":true,"href":"https:\/\/helimusica.com\/index.php?rest_route=\/wp\/v2\/users\/2"}],"replies":[{"embeddable":true,"href":"https:\/\/helimusica.com\/index.php?rest_route=%2Fwp%2Fv2%2Fcomments&post=275"}],"version-history":[{"count":36,"href":"https:\/\/helimusica.com\/index.php?rest_route=\/wp\/v2\/pages\/275\/revisions"}],"predecessor-version":[{"id":989,"href":"https:\/\/helimusica.com\/index.php?rest_route=\/wp\/v2\/pages\/275\/revisions\/989"}],"wp:attachment":[{"href":"https:\/\/helimusica.com\/index.php?rest_route=%2Fwp%2Fv2%2Fmedia&parent=275"}],"curies":[{"name":"wp","href":"https:\/\/api.w.org\/{rel}","templated":true}]}}